{"id":702,"date":"2025-02-17T15:48:24","date_gmt":"2025-02-17T14:48:24","guid":{"rendered":"https:\/\/2024.biennaledelubumbashi.com\/?page_id=702"},"modified":"2025-03-06T09:18:38","modified_gmt":"2025-03-06T08:18:38","slug":"routes-navigations","status":"publish","type":"page","link":"https:\/\/2024.biennaledelubumbashi.com\/index.php\/routes-navigations\/","title":{"rendered":"Routes &#038; Navigations"},"content":{"rendered":"\t\t<div data-elementor-type=\"wp-page\" data-elementor-id=\"702\" class=\"elementor elementor-702\">\n\t\t\t\t\t\t<section class=\"elementor-section elementor-top-section elementor-element elementor-element-525fa37 qode_elementor_container_inner elementor-section-boxed elementor-section-height-default elementor-section-height-default parallax_section_no qode-content-aligment-left\" data-id=\"525fa37\" data-element_type=\"section\">\n\t\t\t\t\t\t<div class=\"elementor-container elementor-column-gap-default\">\n\t\t\t\t\t<div class=\"elementor-column elementor-col-100 elementor-top-column elementor-element elementor-element-729345e\" data-id=\"729345e\" data-element_type=\"column\">\n\t\t\t<div class=\"elementor-widget-wrap elementor-element-populated\">\n\t\t\t\t\t\t<div class=\"elementor-element elementor-element-652fab8 elementor-widget elementor-widget-text-editor\" data-id=\"652fab8\" data-element_type=\"widget\" data-widget_type=\"text-editor.default\">\n\t\t\t\t<div class=\"elementor-widget-container\">\n\t\t\t\t\t\t\t<h3>Routes &amp; Navigations<\/h3>\t\t\t\t\t\t<\/div>\n\t\t\t\t<\/div>\n\t\t\t\t\t<\/div>\n\t\t<\/div>\n\t\t\t\t\t<\/div>\n\t\t<\/section>\n\t\t\t\t<section class=\"elementor-section elementor-top-section elementor-element elementor-element-a6b0a8e elementor-section-full_width elementor-section-height-default elementor-section-height-default parallax_section_no qode_elementor_container_no qode-content-aligment-left\" data-id=\"a6b0a8e\" data-element_type=\"section\">\n\t\t\t\t\t\t<div class=\"elementor-container elementor-column-gap-default\">\n\t\t\t\t\t<div class=\"elementor-column elementor-col-50 elementor-top-column elementor-element elementor-element-36c6a11\" data-id=\"36c6a11\" data-element_type=\"column\">\n\t\t\t<div class=\"elementor-widget-wrap elementor-element-populated\">\n\t\t\t\t\t\t<div class=\"elementor-element elementor-element-1467d9b elementor-widget elementor-widget-image\" data-id=\"1467d9b\" data-element_type=\"widget\" data-widget_type=\"image.default\">\n\t\t\t\t<div class=\"elementor-widget-container\">\n\t\t\t\t\t\t\t\t\t\t\t\t\t<img fetchpriority=\"high\" decoding=\"async\" width=\"1700\" height=\"1133\" src=\"https:\/\/2024.biennaledelubumbashi.com\/wp-content\/uploads\/2025\/02\/DSC01908.jpg\" class=\"attachment-full size-full wp-image-729\" alt=\"\" srcset=\"https:\/\/2024.biennaledelubumbashi.com\/wp-content\/uploads\/2025\/02\/DSC01908.jpg 1700w, https:\/\/2024.biennaledelubumbashi.com\/wp-content\/uploads\/2025\/02\/DSC01908-300x200.jpg 300w, https:\/\/2024.biennaledelubumbashi.com\/wp-content\/uploads\/2025\/02\/DSC01908-1024x682.jpg 1024w, https:\/\/2024.biennaledelubumbashi.com\/wp-content\/uploads\/2025\/02\/DSC01908-768x512.jpg 768w, https:\/\/2024.biennaledelubumbashi.com\/wp-content\/uploads\/2025\/02\/DSC01908-1536x1024.jpg 1536w, https:\/\/2024.biennaledelubumbashi.com\/wp-content\/uploads\/2025\/02\/DSC01908-700x467.jpg 700w, https:\/\/2024.biennaledelubumbashi.com\/wp-content\/uploads\/2025\/02\/DSC01908-1100x733.jpg 1100w\" sizes=\"(max-width: 1700px) 100vw, 1700px\" \/>\t\t\t\t\t\t\t\t\t\t\t\t\t<\/div>\n\t\t\t\t<\/div>\n\t\t\t\t\t<\/div>\n\t\t<\/div>\n\t\t\t\t<div class=\"elementor-column elementor-col-50 elementor-top-column elementor-element elementor-element-1bf04c2\" data-id=\"1bf04c2\" data-element_type=\"column\">\n\t\t\t<div class=\"elementor-widget-wrap elementor-element-populated\">\n\t\t\t\t\t\t<div class=\"elementor-element elementor-element-31877c3 elementor-widget elementor-widget-text-editor\" data-id=\"31877c3\" data-element_type=\"widget\" data-widget_type=\"text-editor.default\">\n\t\t\t\t<div class=\"elementor-widget-container\">\n\t\t\t\t\t\t\t<p><span style=\"font-weight: 400;\">Le programme public Routes et Navigations explore les strat\u00e9gies artistiques qui\u00a0 cherchent \u00e0 perturber la colonialit\u00e9 des archives cartographiques et de\u00a0 navigation. Le programme co\u00efncidera avec l&#8217;ouverture de la<\/span><span style=\"font-weight: 400;\">8e<\/span> <span style=\"font-weight: 400;\">\u00e9dition de la\u00a0 Biennale de Lubumbashi, qui prend comme point de d\u00e9part la biblioth\u00e8que et\u00a0 les archives donn\u00e9es par le philosophe congolais Valentin-Yves Mudimbe \u00e0\u00a0 l&#8217;universit\u00e9 de Lubumbashi. Prenant en compte les r\u00e9flexions de Mudimbe sur \u00ab\u00a0 l&#8217;invention de l&#8217;Afrique \u00bb \u00e0 travers le discours colonial, la Biennale cherche \u00e0 ouvrir\u00a0 un dialogue sur les possibilit\u00e9s d&#8217;engagement anticolonial avec les archives\u00a0 coloniales.\u00a0<\/span><\/p>\t\t\t\t\t\t<\/div>\n\t\t\t\t<\/div>\n\t\t\t\t\t<\/div>\n\t\t<\/div>\n\t\t\t\t\t<\/div>\n\t\t<\/section>\n\t\t\t\t<section class=\"elementor-section elementor-top-section elementor-element elementor-element-c261704 elementor-section-boxed elementor-section-height-default elementor-section-height-default parallax_section_no qode_elementor_container_no qode-content-aligment-left\" data-id=\"c261704\" data-element_type=\"section\">\n\t\t\t\t\t\t<div class=\"elementor-container elementor-column-gap-default\">\n\t\t\t\t\t<div class=\"elementor-column elementor-col-100 elementor-top-column elementor-element elementor-element-715f984\" data-id=\"715f984\" data-element_type=\"column\">\n\t\t\t<div class=\"elementor-widget-wrap elementor-element-populated\">\n\t\t\t\t\t\t<div class=\"elementor-element elementor-element-f68eb79 elementor-widget elementor-widget-text-editor\" data-id=\"f68eb79\" data-element_type=\"widget\" data-widget_type=\"text-editor.default\">\n\t\t\t\t<div class=\"elementor-widget-container\">\n\t\t\t\t\t\t\t<p><span style=\"font-weight: 400;\">Routes et Navigations s&#8217;appuiera sur les r\u00e9sultats d&#8217;un projet de recherche et\u00a0 d&#8217;engagement intitul\u00e9 Congo-Liverpool Routes, actuellement d\u00e9velopp\u00e9 \u00e0\u00a0 Liverpool gr\u00e2ce \u00e0 une collaboration entre la Tate Liverpool et l&#8217;International\u00a0 Slavery Museum (mus\u00e9e international de l&#8217;esclavage). Le projet s&#8217;appuie sur des\u00a0 collections de mus\u00e9es et des documents d&#8217;archives qui t\u00e9moignent des liens\u00a0 historiques et actuels entre le Congo et Liverpool. \u00c0 travers une s\u00e9rie d&#8217;ateliers\u00a0 dirig\u00e9s par des artistes, Congo-Liverpool Routes cherche \u00e0 impliquer les\u00a0 communaut\u00e9s congolaises de Liverpool pour repenser les h\u00e9ritages de\u00a0 l&#8217;exploitation pass\u00e9e tout en imaginant des feuilles de route pour des avenirs\u00a0 diff\u00e9rents.\u00a0\u00a0<\/span><\/p><p><span style=\"font-weight: 400;\">\u00a0<\/span><\/p><p><span style=\"font-weight: 400;\">Liverpool et le Congo ont d&#8217;abord \u00e9t\u00e9 li\u00e9s par l&#8217;implication de la Grande-Bretagne\u00a0 dans le commerce des esclaves, puis par le commerce colonial. La fa\u00e7on dont\u00a0 les marchands et les esclavagistes ont trac\u00e9 des routes de navigation et\u00a0 document\u00e9 leurs op\u00e9rations au Congo a fa\u00e7onn\u00e9 la fa\u00e7on dont le Congo a \u00e9t\u00e9\u00a0 per\u00e7u, connu et administr\u00e9 en Europe. En dialogue avec le th\u00e8me de la Biennale\u00a0 de Lubumbashi intitul\u00e9 Vers un antidote \u00e0 la toxicit\u00e9, Routes et Navigations pose\u00a0 la question suivante : quelles strat\u00e9gies les artistes peuvent-ils proposer pour\u00a0 remettre en question ces modes de connaissance r\u00e9ducteurs et oppressifs ? Elle\u00a0 constitue une opportunit\u00e9 de donner une pr\u00e9sence au projetCongo-Liverpool\u00a0 Routes au Congo, dans un esprit de restitution et d&#8217;\u00e9change et de dialogue\u00a0 transnational et r\u00e9ciproque. Cependant, le programme Routes et Navigations\u00a0 vise \u00e0 aller au-del\u00e0 des liens entre Liverpool et le Congo en ouvrant un espace\u00a0<\/span><\/p><p><span style=\"font-weight: 400;\">pour des explorations artistiques plus larges des r\u00e9cits africains et afro diasporiques de navigation et de routes d&#8217;\u00e9change. Les artistes invit\u00e9s Hadassa\u00a0 Ngamba, Jos\u00e8fa Ntjam et Dawit L. Petros pr\u00e9senteront leur travail sur le sujet ainsi\u00a0 que leur int\u00e9r\u00eat pour les dynamiques coloniales et post-coloniales qui explorent\u00a0 comment d&#8217;autres routes non coloniales ont \u00e9merg\u00e9 gr\u00e2ce \u00e0 la r\u00e9silience, \u00e0 la\u00a0 gu\u00e9rison et \u00e0 d&#8217;autres strat\u00e9gies prosp\u00e8res.\u00a0\u00a0<\/span><\/p><p><span style=\"font-weight: 400;\">\u00a0<\/span><\/p><p><span style=\"font-weight: 400;\">En outre, l&#8217;objectif du rassemblement d&#8217;artistes, de conservateurs et de praticiens\u00a0 de la culture bas\u00e9s au Congo et au-del\u00e0 est de d\u00e9velopper des r\u00e9seaux\u00a0 professionnels et artistiques durables d&#8217;\u00e9change et de soutien, et de soutenir le\u00a0 d\u00e9veloppement artistique collectif et individuel, en rompant avec les cadres\u00a0 coloniaux de r\u00e9tention et d&#8217;extraction des connaissance.\u00a0<\/span><\/p><p><b>Artistes participants : <\/b><span style=\"font-weight: 400;\">Hadassa Ngamba, Jos\u00e8fa Ntjam, et Dawit L. Petros\u00a0<\/span><\/p><p><b>Organis\u00e9 par : <\/b><span style=\"font-weight: 400;\">Carine Harmand, Adiva Lawrence, Portia Malatjie et Odessa\u00a0 Warren\u00a0<\/span><\/p>\t\t\t\t\t\t<\/div>\n\t\t\t\t<\/div>\n\t\t\t\t\t<\/div>\n\t\t<\/div>\n\t\t\t\t\t<\/div>\n\t\t<\/section>\n\t\t\t\t<\/div>\n\t\t","protected":false},"excerpt":{"rendered":"<p>Routes &amp; Navigations Le programme public Routes et Navigations explore les strat\u00e9gies artistiques qui\u00a0 cherchent \u00e0 perturber la colonialit\u00e9 des archives cartographiques et de\u00a0 navigation. Le programme co\u00efncidera avec l&#8217;ouverture de la8e \u00e9dition de la\u00a0 Biennale de Lubumbashi, qui prend comme point de d\u00e9part la&#8230;<\/p>\n","protected":false},"author":1,"featured_media":0,"parent":0,"menu_order":0,"comment_status":"closed","ping_status":"closed","template":"elementor_theme","meta":{"footnotes":""},"class_list":["post-702","page","type-page","status-publish","hentry"],"yoast_head":"<!-- This site is optimized with the Yoast SEO plugin v25.3.1 - https:\/\/yoast.com\/wordpress\/plugins\/seo\/ -->\n<title>Routes &amp; Navigations - Biennale de Lubumbashi<\/title>\n<meta name=\"robots\" content=\"index, follow, max-snippet:-1, max-image-preview:large, max-video-preview:-1\" \/>\n<link rel=\"canonical\" href=\"https:\/\/2024.biennaledelubumbashi.com\/index.php\/routes-navigations\/\" \/>\n<meta property=\"og:locale\" content=\"en_US\" \/>\n<meta property=\"og:type\" content=\"article\" \/>\n<meta property=\"og:title\" content=\"Routes &amp; Navigations - Biennale de Lubumbashi\" \/>\n<meta property=\"og:description\" content=\"Routes &amp; Navigations Le programme public Routes et Navigations explore les strat\u00e9gies artistiques qui\u00a0 cherchent \u00e0 perturber la colonialit\u00e9 des archives cartographiques et de\u00a0 navigation. Le programme co\u00efncidera avec l&#8217;ouverture de la8e \u00e9dition de la\u00a0 Biennale de Lubumbashi, qui prend comme point de d\u00e9part la...\" \/>\n<meta property=\"og:url\" content=\"https:\/\/2024.biennaledelubumbashi.com\/index.php\/routes-navigations\/\" \/>\n<meta property=\"og:site_name\" content=\"Biennale de Lubumbashi\" \/>\n<meta property=\"article:modified_time\" content=\"2025-03-06T08:18:38+00:00\" \/>\n<meta property=\"og:image\" content=\"http:\/\/2024.biennaledelubumbashi.com\/wp-content\/uploads\/2025\/02\/DSC01908.jpg\" \/>\n<meta name=\"twitter:card\" content=\"summary_large_image\" \/>\n<meta name=\"twitter:label1\" content=\"Est. reading time\" \/>\n\t<meta name=\"twitter:data1\" content=\"3 minutes\" \/>\n<script type=\"application\/ld+json\" class=\"yoast-schema-graph\">{\"@context\":\"https:\/\/schema.org\",\"@graph\":[{\"@type\":\"WebPage\",\"@id\":\"https:\/\/2024.biennaledelubumbashi.com\/index.php\/routes-navigations\/\",\"url\":\"https:\/\/2024.biennaledelubumbashi.com\/index.php\/routes-navigations\/\",\"name\":\"Routes & Navigations - Biennale de Lubumbashi\",\"isPartOf\":{\"@id\":\"https:\/\/2024.biennaledelubumbashi.com\/#website\"},\"primaryImageOfPage\":{\"@id\":\"https:\/\/2024.biennaledelubumbashi.com\/index.php\/routes-navigations\/#primaryimage\"},\"image\":{\"@id\":\"https:\/\/2024.biennaledelubumbashi.com\/index.php\/routes-navigations\/#primaryimage\"},\"thumbnailUrl\":\"http:\/\/2024.biennaledelubumbashi.com\/wp-content\/uploads\/2025\/02\/DSC01908.jpg\",\"datePublished\":\"2025-02-17T14:48:24+00:00\",\"dateModified\":\"2025-03-06T08:18:38+00:00\",\"breadcrumb\":{\"@id\":\"https:\/\/2024.biennaledelubumbashi.com\/index.php\/routes-navigations\/#breadcrumb\"},\"inLanguage\":\"en-US\",\"potentialAction\":[{\"@type\":\"ReadAction\",\"target\":[\"https:\/\/2024.biennaledelubumbashi.com\/index.php\/routes-navigations\/\"]}]},{\"@type\":\"ImageObject\",\"inLanguage\":\"en-US\",\"@id\":\"https:\/\/2024.biennaledelubumbashi.com\/index.php\/routes-navigations\/#primaryimage\",\"url\":\"https:\/\/2024.biennaledelubumbashi.com\/wp-content\/uploads\/2025\/02\/DSC01908.jpg\",\"contentUrl\":\"https:\/\/2024.biennaledelubumbashi.com\/wp-content\/uploads\/2025\/02\/DSC01908.jpg\",\"width\":1700,\"height\":1133},{\"@type\":\"BreadcrumbList\",\"@id\":\"https:\/\/2024.biennaledelubumbashi.com\/index.php\/routes-navigations\/#breadcrumb\",\"itemListElement\":[{\"@type\":\"ListItem\",\"position\":1,\"name\":\"Home\",\"item\":\"https:\/\/2024.biennaledelubumbashi.com\/\"},{\"@type\":\"ListItem\",\"position\":2,\"name\":\"Routes &#038; Navigations\"}]},{\"@type\":\"WebSite\",\"@id\":\"https:\/\/2024.biennaledelubumbashi.com\/#website\",\"url\":\"https:\/\/2024.biennaledelubumbashi.com\/\",\"name\":\"Biennale de Lubumbashi\",\"description\":\"\",\"publisher\":{\"@id\":\"https:\/\/2024.biennaledelubumbashi.com\/#organization\"},\"potentialAction\":[{\"@type\":\"SearchAction\",\"target\":{\"@type\":\"EntryPoint\",\"urlTemplate\":\"https:\/\/2024.biennaledelubumbashi.com\/?s={search_term_string}\"},\"query-input\":{\"@type\":\"PropertyValueSpecification\",\"valueRequired\":true,\"valueName\":\"search_term_string\"}}],\"inLanguage\":\"en-US\"},{\"@type\":\"Organization\",\"@id\":\"https:\/\/2024.biennaledelubumbashi.com\/#organization\",\"name\":\"Biennale de Lubumbashi\",\"url\":\"https:\/\/2024.biennaledelubumbashi.com\/\",\"logo\":{\"@type\":\"ImageObject\",\"inLanguage\":\"en-US\",\"@id\":\"https:\/\/2024.biennaledelubumbashi.com\/#\/schema\/logo\/image\/\",\"url\":\"https:\/\/2024.biennaledelubumbashi.com\/wp-content\/uploads\/2024\/12\/BIENNALE-DE-LUBU\ufffdSHI-1.webp\",\"contentUrl\":\"https:\/\/2024.biennaledelubumbashi.com\/wp-content\/uploads\/2024\/12\/BIENNALE-DE-LUBU\ufffdSHI-1.webp\",\"width\":250,\"height\":60,\"caption\":\"Biennale de Lubumbashi\"},\"image\":{\"@id\":\"https:\/\/2024.biennaledelubumbashi.com\/#\/schema\/logo\/image\/\"}}]}<\/script>\n<!-- \/ Yoast SEO plugin. -->","yoast_head_json":{"title":"Routes & Navigations - Biennale de Lubumbashi","robots":{"index":"index","follow":"follow","max-snippet":"max-snippet:-1","max-image-preview":"max-image-preview:large","max-video-preview":"max-video-preview:-1"},"canonical":"https:\/\/2024.biennaledelubumbashi.com\/index.php\/routes-navigations\/","og_locale":"en_US","og_type":"article","og_title":"Routes & Navigations - Biennale de Lubumbashi","og_description":"Routes &amp; Navigations Le programme public Routes et Navigations explore les strat\u00e9gies artistiques qui\u00a0 cherchent \u00e0 perturber la colonialit\u00e9 des archives cartographiques et de\u00a0 navigation. Le programme co\u00efncidera avec l&#8217;ouverture de la8e \u00e9dition de la\u00a0 Biennale de Lubumbashi, qui prend comme point de d\u00e9part la...","og_url":"https:\/\/2024.biennaledelubumbashi.com\/index.php\/routes-navigations\/","og_site_name":"Biennale de Lubumbashi","article_modified_time":"2025-03-06T08:18:38+00:00","og_image":[{"url":"http:\/\/2024.biennaledelubumbashi.com\/wp-content\/uploads\/2025\/02\/DSC01908.jpg","type":"","width":"","height":""}],"twitter_card":"summary_large_image","twitter_misc":{"Est. reading time":"3 minutes"},"schema":{"@context":"https:\/\/schema.org","@graph":[{"@type":"WebPage","@id":"https:\/\/2024.biennaledelubumbashi.com\/index.php\/routes-navigations\/","url":"https:\/\/2024.biennaledelubumbashi.com\/index.php\/routes-navigations\/","name":"Routes & Navigations - Biennale de Lubumbashi","isPartOf":{"@id":"https:\/\/2024.biennaledelubumbashi.com\/#website"},"primaryImageOfPage":{"@id":"https:\/\/2024.biennaledelubumbashi.com\/index.php\/routes-navigations\/#primaryimage"},"image":{"@id":"https:\/\/2024.biennaledelubumbashi.com\/index.php\/routes-navigations\/#primaryimage"},"thumbnailUrl":"http:\/\/2024.biennaledelubumbashi.com\/wp-content\/uploads\/2025\/02\/DSC01908.jpg","datePublished":"2025-02-17T14:48:24+00:00","dateModified":"2025-03-06T08:18:38+00:00","breadcrumb":{"@id":"https:\/\/2024.biennaledelubumbashi.com\/index.php\/routes-navigations\/#breadcrumb"},"inLanguage":"en-US","potentialAction":[{"@type":"ReadAction","target":["https:\/\/2024.biennaledelubumbashi.com\/index.php\/routes-navigations\/"]}]},{"@type":"ImageObject","inLanguage":"en-US","@id":"https:\/\/2024.biennaledelubumbashi.com\/index.php\/routes-navigations\/#primaryimage","url":"https:\/\/2024.biennaledelubumbashi.com\/wp-content\/uploads\/2025\/02\/DSC01908.jpg","contentUrl":"https:\/\/2024.biennaledelubumbashi.com\/wp-content\/uploads\/2025\/02\/DSC01908.jpg","width":1700,"height":1133},{"@type":"BreadcrumbList","@id":"https:\/\/2024.biennaledelubumbashi.com\/index.php\/routes-navigations\/#breadcrumb","itemListElement":[{"@type":"ListItem","position":1,"name":"Home","item":"https:\/\/2024.biennaledelubumbashi.com\/"},{"@type":"ListItem","position":2,"name":"Routes &#038; Navigations"}]},{"@type":"WebSite","@id":"https:\/\/2024.biennaledelubumbashi.com\/#website","url":"https:\/\/2024.biennaledelubumbashi.com\/","name":"Biennale de Lubumbashi","description":"","publisher":{"@id":"https:\/\/2024.biennaledelubumbashi.com\/#organization"},"potentialAction":[{"@type":"SearchAction","target":{"@type":"EntryPoint","urlTemplate":"https:\/\/2024.biennaledelubumbashi.com\/?s={search_term_string}"},"query-input":{"@type":"PropertyValueSpecification","valueRequired":true,"valueName":"search_term_string"}}],"inLanguage":"en-US"},{"@type":"Organization","@id":"https:\/\/2024.biennaledelubumbashi.com\/#organization","name":"Biennale de Lubumbashi","url":"https:\/\/2024.biennaledelubumbashi.com\/","logo":{"@type":"ImageObject","inLanguage":"en-US","@id":"https:\/\/2024.biennaledelubumbashi.com\/#\/schema\/logo\/image\/","url":"https:\/\/2024.biennaledelubumbashi.com\/wp-content\/uploads\/2024\/12\/BIENNALE-DE-LUBU\ufffdSHI-1.webp","contentUrl":"https:\/\/2024.biennaledelubumbashi.com\/wp-content\/uploads\/2024\/12\/BIENNALE-DE-LUBU\ufffdSHI-1.webp","width":250,"height":60,"caption":"Biennale de Lubumbashi"},"image":{"@id":"https:\/\/2024.biennaledelubumbashi.com\/#\/schema\/logo\/image\/"}}]}},"_links":{"self":[{"href":"https:\/\/2024.biennaledelubumbashi.com\/index.php\/wp-json\/wp\/v2\/pages\/702","targetHints":{"allow":["GET"]}}],"collection":[{"href":"https:\/\/2024.biennaledelubumbashi.com\/index.php\/wp-json\/wp\/v2\/pages"}],"about":[{"href":"https:\/\/2024.biennaledelubumbashi.com\/index.php\/wp-json\/wp\/v2\/types\/page"}],"author":[{"embeddable":true,"href":"https:\/\/2024.biennaledelubumbashi.com\/index.php\/wp-json\/wp\/v2\/users\/1"}],"replies":[{"embeddable":true,"href":"https:\/\/2024.biennaledelubumbashi.com\/index.php\/wp-json\/wp\/v2\/comments?post=702"}],"version-history":[{"count":7,"href":"https:\/\/2024.biennaledelubumbashi.com\/index.php\/wp-json\/wp\/v2\/pages\/702\/revisions"}],"predecessor-version":[{"id":752,"href":"https:\/\/2024.biennaledelubumbashi.com\/index.php\/wp-json\/wp\/v2\/pages\/702\/revisions\/752"}],"wp:attachment":[{"href":"https:\/\/2024.biennaledelubumbashi.com\/index.php\/wp-json\/wp\/v2\/media?parent=702"}],"curies":[{"name":"wp","href":"https:\/\/api.w.org\/{rel}","templated":true}]}}