{"id":697,"date":"2025-02-17T15:46:55","date_gmt":"2025-02-17T14:46:55","guid":{"rendered":"https:\/\/2024.biennaledelubumbashi.com\/?page_id=697"},"modified":"2025-02-17T15:46:55","modified_gmt":"2025-02-17T14:46:55","slug":"subjective-atlas","status":"publish","type":"page","link":"https:\/\/2024.biennaledelubumbashi.com\/index.php\/subjective-atlas\/","title":{"rendered":"Subjective Atlas"},"content":{"rendered":"\t\t<div data-elementor-type=\"wp-page\" data-elementor-id=\"697\" class=\"elementor elementor-697\">\n\t\t\t\t\t\t<section class=\"elementor-section elementor-top-section elementor-element elementor-element-525fa37 qode_elementor_container_inner elementor-section-boxed elementor-section-height-default elementor-section-height-default parallax_section_no qode-content-aligment-left\" data-id=\"525fa37\" data-element_type=\"section\">\n\t\t\t\t\t\t<div class=\"elementor-container elementor-column-gap-default\">\n\t\t\t\t\t<div class=\"elementor-column elementor-col-100 elementor-top-column elementor-element elementor-element-729345e\" data-id=\"729345e\" data-element_type=\"column\">\n\t\t\t<div class=\"elementor-widget-wrap elementor-element-populated\">\n\t\t\t\t\t\t<div class=\"elementor-element elementor-element-652fab8 elementor-widget elementor-widget-text-editor\" data-id=\"652fab8\" data-element_type=\"widget\" data-widget_type=\"text-editor.default\">\n\t\t\t\t<div class=\"elementor-widget-container\">\n\t\t\t\t\t\t\t<h3>La Biennale de Lubumbashi, fond\u00e9e en 2008 sous le nom de &#8220;Rencontres Picha&#8221;<\/h3>\t\t\t\t\t\t<\/div>\n\t\t\t\t<\/div>\n\t\t\t\t\t<\/div>\n\t\t<\/div>\n\t\t\t\t\t<\/div>\n\t\t<\/section>\n\t\t\t\t<section class=\"elementor-section elementor-top-section elementor-element elementor-element-a6b0a8e elementor-section-full_width elementor-section-height-default elementor-section-height-default parallax_section_no qode_elementor_container_no qode-content-aligment-left\" data-id=\"a6b0a8e\" data-element_type=\"section\">\n\t\t\t\t\t\t<div class=\"elementor-container elementor-column-gap-default\">\n\t\t\t\t\t<div class=\"elementor-column elementor-col-50 elementor-top-column elementor-element elementor-element-36c6a11\" data-id=\"36c6a11\" data-element_type=\"column\">\n\t\t\t<div class=\"elementor-widget-wrap elementor-element-populated\">\n\t\t\t\t\t\t<div class=\"elementor-element elementor-element-1467d9b elementor-widget elementor-widget-image\" data-id=\"1467d9b\" data-element_type=\"widget\" data-widget_type=\"image.default\">\n\t\t\t\t<div class=\"elementor-widget-container\">\n\t\t\t\t\t\t\t\t\t\t\t\t\t<img fetchpriority=\"high\" decoding=\"async\" width=\"1920\" height=\"1322\" src=\"https:\/\/2024.biennaledelubumbashi.com\/wp-content\/uploads\/2024\/12\/DSC00945-scaled.webp\" class=\"attachment-full size-full wp-image-404\" alt=\"\" srcset=\"https:\/\/2024.biennaledelubumbashi.com\/wp-content\/uploads\/2024\/12\/DSC00945-scaled.webp 1920w, https:\/\/2024.biennaledelubumbashi.com\/wp-content\/uploads\/2024\/12\/DSC00945-300x207.webp 300w, https:\/\/2024.biennaledelubumbashi.com\/wp-content\/uploads\/2024\/12\/DSC00945-1024x705.webp 1024w, https:\/\/2024.biennaledelubumbashi.com\/wp-content\/uploads\/2024\/12\/DSC00945-768x529.webp 768w, https:\/\/2024.biennaledelubumbashi.com\/wp-content\/uploads\/2024\/12\/DSC00945-1536x1058.webp 1536w, https:\/\/2024.biennaledelubumbashi.com\/wp-content\/uploads\/2024\/12\/DSC00945-700x482.jpg 700w, https:\/\/2024.biennaledelubumbashi.com\/wp-content\/uploads\/2024\/12\/DSC00945-1100x758.jpg 1100w, https:\/\/2024.biennaledelubumbashi.com\/wp-content\/uploads\/2024\/12\/DSC00945-600x413.jpg 600w\" sizes=\"(max-width: 1920px) 100vw, 1920px\" \/>\t\t\t\t\t\t\t\t\t\t\t\t\t<\/div>\n\t\t\t\t<\/div>\n\t\t\t\t\t<\/div>\n\t\t<\/div>\n\t\t\t\t<div class=\"elementor-column elementor-col-50 elementor-top-column elementor-element elementor-element-1bf04c2\" data-id=\"1bf04c2\" data-element_type=\"column\">\n\t\t\t<div class=\"elementor-widget-wrap elementor-element-populated\">\n\t\t\t\t\t\t<div class=\"elementor-element elementor-element-31877c3 elementor-widget elementor-widget-text-editor\" data-id=\"31877c3\" data-element_type=\"widget\" data-widget_type=\"text-editor.default\">\n\t\t\t\t<div class=\"elementor-widget-container\">\n\t\t\t\t\t\t\t<p>La Biennale de Lubumbashi, fond\u00e9e en 2008 sous le nom de \u00ab Rencontres Picha \u00bb, est devenue l&#8217;un des \u00e9v\u00e9nements artistiques les plus exp\u00e9rimentaux et dynamiques du continent africain, offrant une plateforme de pr\u00e9sentation et de rencontre aux artistes locaux et internationaux ainsi qu&#8217;aux acteurs culturels locaux.<\/p>\t\t\t\t\t\t<\/div>\n\t\t\t\t<\/div>\n\t\t\t\t\t<\/div>\n\t\t<\/div>\n\t\t\t\t\t<\/div>\n\t\t<\/section>\n\t\t\t\t<section class=\"elementor-section elementor-top-section elementor-element elementor-element-3cfa3928 qode_elementor_container_inner elementor-section-boxed elementor-section-height-default elementor-section-height-default parallax_section_no qode-content-aligment-left\" data-id=\"3cfa3928\" data-element_type=\"section\">\n\t\t\t\t\t\t<div class=\"elementor-container elementor-column-gap-default\">\n\t\t\t\t\t<div class=\"elementor-column elementor-col-100 elementor-top-column elementor-element elementor-element-7164442d\" data-id=\"7164442d\" data-element_type=\"column\">\n\t\t\t<div class=\"elementor-widget-wrap elementor-element-populated\">\n\t\t\t\t\t\t<div class=\"elementor-element elementor-element-1440031f elementor-widget elementor-widget-text-editor\" data-id=\"1440031f\" data-element_type=\"widget\" data-widget_type=\"text-editor.default\">\n\t\t\t\t<div class=\"elementor-widget-container\">\n\t\t\t\t\t\t\t<h3>L&#8217;\u00e9quipe<\/h3>\t\t\t\t\t\t<\/div>\n\t\t\t\t<\/div>\n\t\t\t\t<div class=\"elementor-element elementor-element-74adfd56 elementor-widget-divider--view-line elementor-widget elementor-widget-divider\" data-id=\"74adfd56\" data-element_type=\"widget\" data-widget_type=\"divider.default\">\n\t\t\t\t<div class=\"elementor-widget-container\">\n\t\t\t\t\t<div class=\"elementor-divider\">\n\t\t\t<span class=\"elementor-divider-separator\">\n\t\t\t\t\t\t<\/span>\n\t\t<\/div>\n\t\t\t\t<\/div>\n\t\t\t\t<\/div>\n\t\t\t\t\t<\/div>\n\t\t<\/div>\n\t\t\t\t\t<\/div>\n\t\t<\/section>\n\t\t\t\t<section class=\"elementor-section elementor-top-section elementor-element elementor-element-5a438f2 qode_elementor_container_inner elementor-section-boxed elementor-section-height-default elementor-section-height-default parallax_section_no qode-content-aligment-left\" data-id=\"5a438f2\" data-element_type=\"section\">\n\t\t\t\t\t\t<div class=\"elementor-container elementor-column-gap-default\">\n\t\t\t\t\t<div class=\"elementor-column elementor-col-33 elementor-top-column elementor-element elementor-element-fe8ebb6\" data-id=\"fe8ebb6\" data-element_type=\"column\">\n\t\t\t<div class=\"elementor-widget-wrap elementor-element-populated\">\n\t\t\t\t\t\t<div class=\"elementor-element elementor-element-134dc34 elementor-widget elementor-widget-team\" data-id=\"134dc34\" data-element_type=\"widget\" data-widget_type=\"team.default\">\n\t\t\t\t<div class=\"elementor-widget-container\">\n\t\t\t<div class='q_team '><div class='q_team_inner'><div class='q_team_image'><img decoding=\"async\" src=\"https:\/\/2024.biennaledelubumbashi.com\/wp-content\/uploads\/2020\/06\/p1-team-01.jpg\" alt=\"team_image\"  \/><div class='q_team_social_holder'  style='background-color:rgba(2, 1, 1, 0);'><div class='q_team_social'><div class='q_team_social_inner'><\/div><\/div><\/div><\/div><div class='q_team_text ' ><div class='q_team_text_inner'><div class='q_team_title_holder'><h4 class='q_team_name' style =\"color: #000000\">Jean Katambay<\/h4><\/div><div class='q_team_social_holder_below_title'><span class='q_social_icon_holder with_link circle_social' ><a href='#' target='_blank'><span class='fa-stack  circle_social' style='color: #FFFFFF;background-color: #000000;border: 1px solid #000000;'><span class='social_icon social_facebook'><\/span><\/span><\/a><\/span><span class='q_social_icon_holder with_link circle_social' ><a href='#' target='_blank'><span class='fa-stack  circle_social' style='color: #FFFFFF;background-color: #000000;border: 1px solid #000000;'><span class='social_icon social_linkedin'><\/span><\/span><\/a><\/span><span class='q_social_icon_holder with_link circle_social' ><a href='#' target='_blank'><span class='fa-stack  circle_social' style='color: #FFFFFF;background-color: #000000;border: 1px solid #000000;'><span class='social_icon social_instagram'><\/span><\/span><\/a><\/span><\/div><\/div><\/div><\/div><\/div>\t\t<\/div>\n\t\t\t\t<\/div>\n\t\t\t\t\t<\/div>\n\t\t<\/div>\n\t\t\t\t<div class=\"elementor-column elementor-col-33 elementor-top-column elementor-element elementor-element-1e25178\" data-id=\"1e25178\" data-element_type=\"column\">\n\t\t\t<div class=\"elementor-widget-wrap elementor-element-populated\">\n\t\t\t\t\t\t<div class=\"elementor-element elementor-element-e57db7d elementor-widget elementor-widget-team\" data-id=\"e57db7d\" data-element_type=\"widget\" data-widget_type=\"team.default\">\n\t\t\t\t<div class=\"elementor-widget-container\">\n\t\t\t<div class='q_team '><div class='q_team_inner'><div class='q_team_image'><img decoding=\"async\" src=\"https:\/\/2024.biennaledelubumbashi.com\/wp-content\/uploads\/2020\/06\/p1-team-02.jpg\" alt=\"team_image\"  \/><div class='q_team_social_holder'  style='background-color:rgba(2, 1, 1, 0);'><div class='q_team_social'><div class='q_team_social_inner'><\/div><\/div><\/div><\/div><div class='q_team_text ' ><div class='q_team_text_inner'><div class='q_team_title_holder'><h4 class='q_team_name' style =\"color: #000000\">Sammy Baloji<\/h4><\/div><div class='q_team_social_holder_below_title'><span class='q_social_icon_holder with_link circle_social' ><a href='#' target='_blank'><span class='fa-stack  circle_social' style='color: #FFFFFF;background-color: #000000;border: 1px solid #000000;'><span class='social_icon social_facebook'><\/span><\/span><\/a><\/span><span class='q_social_icon_holder with_link circle_social' ><a href='#' target='_blank'><span class='fa-stack  circle_social' style='color: #FFFFFF;background-color: #000000;border: 1px solid #000000;'><span class='social_icon social_linkedin'><\/span><\/span><\/a><\/span><span class='q_social_icon_holder with_link circle_social' ><a href='#' target='_blank'><span class='fa-stack  circle_social' style='color: #FFFFFF;background-color: #000000;border: 1px solid #000000;'><span class='social_icon social_instagram'><\/span><\/span><\/a><\/span><\/div><\/div><\/div><\/div><\/div>\t\t<\/div>\n\t\t\t\t<\/div>\n\t\t\t\t\t<\/div>\n\t\t<\/div>\n\t\t\t\t<div class=\"elementor-column elementor-col-33 elementor-top-column elementor-element elementor-element-4980b12\" data-id=\"4980b12\" data-element_type=\"column\">\n\t\t\t<div class=\"elementor-widget-wrap elementor-element-populated\">\n\t\t\t\t\t\t<div class=\"elementor-element elementor-element-3e6096d elementor-widget elementor-widget-team\" data-id=\"3e6096d\" data-element_type=\"widget\" data-widget_type=\"team.default\">\n\t\t\t\t<div class=\"elementor-widget-container\">\n\t\t\t<div class='q_team '><div class='q_team_inner'><div class='q_team_image'><img decoding=\"async\" src=\"https:\/\/2024.biennaledelubumbashi.com\/wp-content\/uploads\/2020\/06\/p1-team-03.jpg\" alt=\"team_image\"  \/><div class='q_team_social_holder'  style='background-color:rgba(2, 1, 1, 0);'><div class='q_team_social'><div class='q_team_social_inner'><\/div><\/div><\/div><\/div><div class='q_team_text ' ><div class='q_team_text_inner'><div class='q_team_title_holder'><h4 class='q_team_name' style =\"color: #000000\">Gaelle<\/h4><\/div><div class='q_team_social_holder_below_title'><span class='q_social_icon_holder with_link circle_social' ><a href='#' target='_blank'><span class='fa-stack  circle_social' style='color: #FFFFFF;background-color: #000000;border: 1px solid #000000;'><span class='social_icon social_facebook'><\/span><\/span><\/a><\/span><span class='q_social_icon_holder with_link circle_social' ><a href='#' target='_blank'><span class='fa-stack  circle_social' style='color: #FFFFFF;background-color: #000000;border: 1px solid #000000;'><span class='social_icon social_linkedin'><\/span><\/span><\/a><\/span><span class='q_social_icon_holder with_link circle_social' ><a href='#' target='_blank'><span class='fa-stack  circle_social' style='color: #FFFFFF;background-color: #000000;border: 1px solid #000000;'><span class='social_icon social_instagram'><\/span><\/span><\/a><\/span><\/div><\/div><\/div><\/div><\/div>\t\t<\/div>\n\t\t\t\t<\/div>\n\t\t\t\t\t<\/div>\n\t\t<\/div>\n\t\t\t\t\t<\/div>\n\t\t<\/section>\n\t\t\t\t<\/div>\n\t\t","protected":false},"excerpt":{"rendered":"<p>La Biennale de Lubumbashi, fond\u00e9e en 2008 sous le nom de &#8220;Rencontres Picha&#8221; La Biennale de Lubumbashi, fond\u00e9e en 2008 sous le nom de \u00ab Rencontres Picha \u00bb, est devenue l&#8217;un des \u00e9v\u00e9nements artistiques les plus exp\u00e9rimentaux et dynamiques du continent africain, offrant une plateforme&#8230;<\/p>\n","protected":false},"author":1,"featured_media":0,"parent":0,"menu_order":0,"comment_status":"closed","ping_status":"closed","template":"elementor_theme","meta":{"footnotes":""},"class_list":["post-697","page","type-page","status-publish","hentry"],"yoast_head":"<!-- This site is optimized with the Yoast SEO plugin v25.3.1 - https:\/\/yoast.com\/wordpress\/plugins\/seo\/ -->\n<title>Subjective Atlas - Biennale de Lubumbashi<\/title>\n<meta name=\"robots\" content=\"index, follow, max-snippet:-1, max-image-preview:large, max-video-preview:-1\" \/>\n<link rel=\"canonical\" href=\"https:\/\/2024.biennaledelubumbashi.com\/index.php\/subjective-atlas\/\" \/>\n<meta property=\"og:locale\" content=\"en_US\" \/>\n<meta property=\"og:type\" content=\"article\" \/>\n<meta property=\"og:title\" content=\"Subjective Atlas - Biennale de Lubumbashi\" \/>\n<meta property=\"og:description\" content=\"La Biennale de Lubumbashi, fond\u00e9e en 2008 sous le nom de &#8220;Rencontres Picha&#8221; La Biennale de Lubumbashi, fond\u00e9e en 2008 sous le nom de \u00ab Rencontres Picha \u00bb, est devenue l&#8217;un des \u00e9v\u00e9nements artistiques les plus exp\u00e9rimentaux et dynamiques du continent africain, offrant une plateforme...\" \/>\n<meta property=\"og:url\" content=\"https:\/\/2024.biennaledelubumbashi.com\/index.php\/subjective-atlas\/\" \/>\n<meta property=\"og:site_name\" content=\"Biennale de Lubumbashi\" \/>\n<meta property=\"og:image\" content=\"http:\/\/2024.biennaledelubumbashi.com\/wp-content\/uploads\/2024\/12\/DSC00945-scaled.webp\" \/>\n<meta name=\"twitter:card\" content=\"summary_large_image\" \/>\n<script type=\"application\/ld+json\" class=\"yoast-schema-graph\">{\"@context\":\"https:\/\/schema.org\",\"@graph\":[{\"@type\":\"WebPage\",\"@id\":\"https:\/\/2024.biennaledelubumbashi.com\/index.php\/subjective-atlas\/\",\"url\":\"https:\/\/2024.biennaledelubumbashi.com\/index.php\/subjective-atlas\/\",\"name\":\"Subjective Atlas - Biennale de Lubumbashi\",\"isPartOf\":{\"@id\":\"https:\/\/2024.biennaledelubumbashi.com\/#website\"},\"primaryImageOfPage\":{\"@id\":\"https:\/\/2024.biennaledelubumbashi.com\/index.php\/subjective-atlas\/#primaryimage\"},\"image\":{\"@id\":\"https:\/\/2024.biennaledelubumbashi.com\/index.php\/subjective-atlas\/#primaryimage\"},\"thumbnailUrl\":\"http:\/\/2024.biennaledelubumbashi.com\/wp-content\/uploads\/2024\/12\/DSC00945-scaled.webp\",\"datePublished\":\"2025-02-17T14:46:55+00:00\",\"breadcrumb\":{\"@id\":\"https:\/\/2024.biennaledelubumbashi.com\/index.php\/subjective-atlas\/#breadcrumb\"},\"inLanguage\":\"en-US\",\"potentialAction\":[{\"@type\":\"ReadAction\",\"target\":[\"https:\/\/2024.biennaledelubumbashi.com\/index.php\/subjective-atlas\/\"]}]},{\"@type\":\"ImageObject\",\"inLanguage\":\"en-US\",\"@id\":\"https:\/\/2024.biennaledelubumbashi.com\/index.php\/subjective-atlas\/#primaryimage\",\"url\":\"https:\/\/2024.biennaledelubumbashi.com\/wp-content\/uploads\/2024\/12\/DSC00945-scaled.webp\",\"contentUrl\":\"https:\/\/2024.biennaledelubumbashi.com\/wp-content\/uploads\/2024\/12\/DSC00945-scaled.webp\",\"width\":1920,\"height\":1322},{\"@type\":\"BreadcrumbList\",\"@id\":\"https:\/\/2024.biennaledelubumbashi.com\/index.php\/subjective-atlas\/#breadcrumb\",\"itemListElement\":[{\"@type\":\"ListItem\",\"position\":1,\"name\":\"Home\",\"item\":\"https:\/\/2024.biennaledelubumbashi.com\/\"},{\"@type\":\"ListItem\",\"position\":2,\"name\":\"Subjective Atlas\"}]},{\"@type\":\"WebSite\",\"@id\":\"https:\/\/2024.biennaledelubumbashi.com\/#website\",\"url\":\"https:\/\/2024.biennaledelubumbashi.com\/\",\"name\":\"Biennale de Lubumbashi\",\"description\":\"\",\"publisher\":{\"@id\":\"https:\/\/2024.biennaledelubumbashi.com\/#organization\"},\"potentialAction\":[{\"@type\":\"SearchAction\",\"target\":{\"@type\":\"EntryPoint\",\"urlTemplate\":\"https:\/\/2024.biennaledelubumbashi.com\/?s={search_term_string}\"},\"query-input\":{\"@type\":\"PropertyValueSpecification\",\"valueRequired\":true,\"valueName\":\"search_term_string\"}}],\"inLanguage\":\"en-US\"},{\"@type\":\"Organization\",\"@id\":\"https:\/\/2024.biennaledelubumbashi.com\/#organization\",\"name\":\"Biennale de Lubumbashi\",\"url\":\"https:\/\/2024.biennaledelubumbashi.com\/\",\"logo\":{\"@type\":\"ImageObject\",\"inLanguage\":\"en-US\",\"@id\":\"https:\/\/2024.biennaledelubumbashi.com\/#\/schema\/logo\/image\/\",\"url\":\"https:\/\/2024.biennaledelubumbashi.com\/wp-content\/uploads\/2024\/12\/BIENNALE-DE-LUBU\ufffdSHI-1.webp\",\"contentUrl\":\"https:\/\/2024.biennaledelubumbashi.com\/wp-content\/uploads\/2024\/12\/BIENNALE-DE-LUBU\ufffdSHI-1.webp\",\"width\":250,\"height\":60,\"caption\":\"Biennale de Lubumbashi\"},\"image\":{\"@id\":\"https:\/\/2024.biennaledelubumbashi.com\/#\/schema\/logo\/image\/\"}}]}<\/script>\n<!-- \/ Yoast SEO plugin. -->","yoast_head_json":{"title":"Subjective Atlas - Biennale de Lubumbashi","robots":{"index":"index","follow":"follow","max-snippet":"max-snippet:-1","max-image-preview":"max-image-preview:large","max-video-preview":"max-video-preview:-1"},"canonical":"https:\/\/2024.biennaledelubumbashi.com\/index.php\/subjective-atlas\/","og_locale":"en_US","og_type":"article","og_title":"Subjective Atlas - Biennale de Lubumbashi","og_description":"La Biennale de Lubumbashi, fond\u00e9e en 2008 sous le nom de &#8220;Rencontres Picha&#8221; La Biennale de Lubumbashi, fond\u00e9e en 2008 sous le nom de \u00ab Rencontres Picha \u00bb, est devenue l&#8217;un des \u00e9v\u00e9nements artistiques les plus exp\u00e9rimentaux et dynamiques du continent africain, offrant une plateforme...","og_url":"https:\/\/2024.biennaledelubumbashi.com\/index.php\/subjective-atlas\/","og_site_name":"Biennale de Lubumbashi","og_image":[{"url":"http:\/\/2024.biennaledelubumbashi.com\/wp-content\/uploads\/2024\/12\/DSC00945-scaled.webp","type":"","width":"","height":""}],"twitter_card":"summary_large_image","schema":{"@context":"https:\/\/schema.org","@graph":[{"@type":"WebPage","@id":"https:\/\/2024.biennaledelubumbashi.com\/index.php\/subjective-atlas\/","url":"https:\/\/2024.biennaledelubumbashi.com\/index.php\/subjective-atlas\/","name":"Subjective Atlas - Biennale de Lubumbashi","isPartOf":{"@id":"https:\/\/2024.biennaledelubumbashi.com\/#website"},"primaryImageOfPage":{"@id":"https:\/\/2024.biennaledelubumbashi.com\/index.php\/subjective-atlas\/#primaryimage"},"image":{"@id":"https:\/\/2024.biennaledelubumbashi.com\/index.php\/subjective-atlas\/#primaryimage"},"thumbnailUrl":"http:\/\/2024.biennaledelubumbashi.com\/wp-content\/uploads\/2024\/12\/DSC00945-scaled.webp","datePublished":"2025-02-17T14:46:55+00:00","breadcrumb":{"@id":"https:\/\/2024.biennaledelubumbashi.com\/index.php\/subjective-atlas\/#breadcrumb"},"inLanguage":"en-US","potentialAction":[{"@type":"ReadAction","target":["https:\/\/2024.biennaledelubumbashi.com\/index.php\/subjective-atlas\/"]}]},{"@type":"ImageObject","inLanguage":"en-US","@id":"https:\/\/2024.biennaledelubumbashi.com\/index.php\/subjective-atlas\/#primaryimage","url":"https:\/\/2024.biennaledelubumbashi.com\/wp-content\/uploads\/2024\/12\/DSC00945-scaled.webp","contentUrl":"https:\/\/2024.biennaledelubumbashi.com\/wp-content\/uploads\/2024\/12\/DSC00945-scaled.webp","width":1920,"height":1322},{"@type":"BreadcrumbList","@id":"https:\/\/2024.biennaledelubumbashi.com\/index.php\/subjective-atlas\/#breadcrumb","itemListElement":[{"@type":"ListItem","position":1,"name":"Home","item":"https:\/\/2024.biennaledelubumbashi.com\/"},{"@type":"ListItem","position":2,"name":"Subjective Atlas"}]},{"@type":"WebSite","@id":"https:\/\/2024.biennaledelubumbashi.com\/#website","url":"https:\/\/2024.biennaledelubumbashi.com\/","name":"Biennale de Lubumbashi","description":"","publisher":{"@id":"https:\/\/2024.biennaledelubumbashi.com\/#organization"},"potentialAction":[{"@type":"SearchAction","target":{"@type":"EntryPoint","urlTemplate":"https:\/\/2024.biennaledelubumbashi.com\/?s={search_term_string}"},"query-input":{"@type":"PropertyValueSpecification","valueRequired":true,"valueName":"search_term_string"}}],"inLanguage":"en-US"},{"@type":"Organization","@id":"https:\/\/2024.biennaledelubumbashi.com\/#organization","name":"Biennale de Lubumbashi","url":"https:\/\/2024.biennaledelubumbashi.com\/","logo":{"@type":"ImageObject","inLanguage":"en-US","@id":"https:\/\/2024.biennaledelubumbashi.com\/#\/schema\/logo\/image\/","url":"https:\/\/2024.biennaledelubumbashi.com\/wp-content\/uploads\/2024\/12\/BIENNALE-DE-LUBU\ufffdSHI-1.webp","contentUrl":"https:\/\/2024.biennaledelubumbashi.com\/wp-content\/uploads\/2024\/12\/BIENNALE-DE-LUBU\ufffdSHI-1.webp","width":250,"height":60,"caption":"Biennale de Lubumbashi"},"image":{"@id":"https:\/\/2024.biennaledelubumbashi.com\/#\/schema\/logo\/image\/"}}]}},"_links":{"self":[{"href":"https:\/\/2024.biennaledelubumbashi.com\/index.php\/wp-json\/wp\/v2\/pages\/697","targetHints":{"allow":["GET"]}}],"collection":[{"href":"https:\/\/2024.biennaledelubumbashi.com\/index.php\/wp-json\/wp\/v2\/pages"}],"about":[{"href":"https:\/\/2024.biennaledelubumbashi.com\/index.php\/wp-json\/wp\/v2\/types\/page"}],"author":[{"embeddable":true,"href":"https:\/\/2024.biennaledelubumbashi.com\/index.php\/wp-json\/wp\/v2\/users\/1"}],"replies":[{"embeddable":true,"href":"https:\/\/2024.biennaledelubumbashi.com\/index.php\/wp-json\/wp\/v2\/comments?post=697"}],"version-history":[{"count":1,"href":"https:\/\/2024.biennaledelubumbashi.com\/index.php\/wp-json\/wp\/v2\/pages\/697\/revisions"}],"predecessor-version":[{"id":698,"href":"https:\/\/2024.biennaledelubumbashi.com\/index.php\/wp-json\/wp\/v2\/pages\/697\/revisions\/698"}],"wp:attachment":[{"href":"https:\/\/2024.biennaledelubumbashi.com\/index.php\/wp-json\/wp\/v2\/media?parent=697"}],"curies":[{"name":"wp","href":"https:\/\/api.w.org\/{rel}","templated":true}]}}